{"id":14,"date":"2025-08-20T11:13:56","date_gmt":"2025-08-20T11:13:56","guid":{"rendered":"https:\/\/carl.at\/wordpress\/?page_id=14"},"modified":"2026-02-15T19:25:39","modified_gmt":"2026-02-15T19:25:39","slug":"kontakt","status":"publish","type":"page","link":"https:\/\/carl.at\/wordpress\/kontakt\/","title":{"rendered":"Kontakt"},"content":{"rendered":"\t\t<div data-elementor-type=\"wp-page\" data-elementor-id=\"14\" class=\"elementor elementor-14\">\n\t\t\t\t<div class=\"elementor-element elementor-element-844a052 e-flex e-con-boxed e-con e-parent\" data-id=\"844a052\" data-element_type=\"container\" data-e-type=\"container\">\n\t\t\t\t\t<div class=\"e-con-inner\">\n\t\t\t\t<div class=\"elementor-element elementor-element-fc5ec8d animated-slow elementor-invisible elementor-widget elementor-widget-heading\" data-id=\"fc5ec8d\" data-element_type=\"widget\" data-e-type=\"widget\" data-settings=\"{&quot;_animation&quot;:&quot;fadeIn&quot;,&quot;_animation_delay&quot;:1000}\" data-widget_type=\"heading.default\">\n\t\t\t\t\t<h3 class=\"elementor-heading-title elementor-size-default\">Kontakt<\/h3>\t\t\t\t<\/div>\n\t\t\t\t\t<\/div>\n\t\t\t\t<\/div>\n\t\t<div class=\"elementor-element elementor-element-4257dfc e-flex e-con-boxed e-con e-parent\" data-id=\"4257dfc\" data-element_type=\"container\" data-e-type=\"container\">\n\t\t\t\t\t<div class=\"e-con-inner\">\n\t\t\t\t<div class=\"elementor-element elementor-element-11153e6 elementor-widget elementor-widget-text-editor\" data-id=\"11153e6\" data-element_type=\"widget\" data-e-type=\"widget\" data-widget_type=\"text-editor.default\">\n\t\t\t\t\t\t\t\t\t<p>Wenn Ihr Fragen haben solltet meldet Euch einfach per E-Mail unter: <a href=\"mailto:CarlSteiner@gmx.at\">CarlSteiner@gmx.at<\/a><\/p><p>Alternativ k\u00f6nnt Ihr mir eine Nachricht bei meinen Reiseberichten hinterlassen, welche kommentiert werden k\u00f6nnen, oder Ihr tragt Euch in das G\u00e4stebuch meiner Seite ein, das w\u00e4re mir eine gro\u00dfe Freude.<br \/><span style=\"font-style: inherit; font-weight: inherit;\">Hier geht es zum <a href=\"https:\/\/carl.at\/wordpress\/gaestebuch\">G\u00e4stebuch<\/a>.<\/span><\/p><p>Bitte habt Geduld mit mir, da ich oft auf Reisen bin, am Arbeiten bin, oder gerade am Berg herum springe, kann es etwas dauern bis ich antworte.<br \/>Aber ich werde antworten, versprochen!<\/p>\t\t\t\t\t\t\t\t<\/div>\n\t\t\t\t\t<\/div>\n\t\t\t\t<\/div>\n\t\t<div class=\"elementor-element elementor-element-984817e e-flex e-con-boxed e-con e-parent\" data-id=\"984817e\" data-element_type=\"container\" data-e-type=\"container\">\n\t\t\t\t\t<div class=\"e-con-inner\">\n\t\t\t\t<div class=\"elementor-element elementor-element-c2a3473 animated-slow elementor-invisible elementor-widget elementor-widget-heading\" data-id=\"c2a3473\" data-element_type=\"widget\" data-e-type=\"widget\" data-settings=\"{&quot;_animation&quot;:&quot;fadeIn&quot;,&quot;_animation_delay&quot;:1000}\" data-widget_type=\"heading.default\">\n\t\t\t\t\t<h3 class=\"elementor-heading-title elementor-size-default\">Support<\/h3>\t\t\t\t<\/div>\n\t\t\t\t\t<\/div>\n\t\t\t\t<\/div>\n\t\t<div class=\"elementor-element elementor-element-5fb247b e-flex e-con-boxed e-con e-parent\" data-id=\"5fb247b\" data-element_type=\"container\" data-e-type=\"container\">\n\t\t\t\t\t<div class=\"e-con-inner\">\n\t\t\t\t<div class=\"elementor-element elementor-element-86b672a elementor-widget elementor-widget-text-editor\" data-id=\"86b672a\" data-element_type=\"widget\" data-e-type=\"widget\" data-widget_type=\"text-editor.default\">\n\t\t\t\t\t\t\t\t\t<p>Wer mir eine kleine Unterst\u00fctzung zukommen lassen m\u00f6chte kann dies gerne via PayPal tun.<\/p><p><a href=\"https:\/\/www.paypal.com\/paypalme\/CarlPeterSteiner\" target=\"_blank\" rel=\"noopener\">PayPal<\/a><\/p><p>oder direkt per Bank\u00fcberweisung, einfach den QR-Code scannen.<\/p>\t\t\t\t\t\t\t\t<\/div>\n\t\t\t\t\t<\/div>\n\t\t\t\t<\/div>\n\t\t<div class=\"elementor-element elementor-element-f2d6602 e-flex e-con-boxed e-con e-parent\" data-id=\"f2d6602\" data-element_type=\"container\" data-e-type=\"container\">\n\t\t\t\t\t<div class=\"e-con-inner\">\n\t\t\t\t<div class=\"elementor-element elementor-element-21c2409 elementor-widget elementor-widget-image\" data-id=\"21c2409\" data-element_type=\"widget\" data-e-type=\"widget\" data-widget_type=\"image.default\">\n\t\t\t\t\t\t\t\t\t\t\t\t\t\t\t<img fetchpriority=\"high\" decoding=\"async\" width=\"300\" height=\"300\" src=\"https:\/\/carl.at\/wordpress\/wp-content\/uploads\/2026\/02\/Spendenkonto.png\" class=\"attachment-large size-large wp-image-1245\" alt=\"\" srcset=\"https:\/\/carl.at\/wordpress\/wp-content\/uploads\/2026\/02\/Spendenkonto.png 300w, https:\/\/carl.at\/wordpress\/wp-content\/uploads\/2026\/02\/Spendenkonto-150x150.png 150w\" sizes=\"(max-width: 300px) 100vw, 300px\" \/>\t\t\t\t\t\t\t\t\t\t\t\t\t\t\t<\/div>\n\t\t\t\t\t<\/div>\n\t\t\t\t<\/div>\n\t\t<div class=\"elementor-element elementor-element-aa129b4 e-flex e-con-boxed e-con e-parent\" data-id=\"aa129b4\" data-element_type=\"container\" data-e-type=\"container\">\n\t\t\t\t\t<div class=\"e-con-inner\">\n\t\t\t\t<div class=\"elementor-element elementor-element-1836cc7 elementor-widget elementor-widget-text-editor\" data-id=\"1836cc7\" data-element_type=\"widget\" data-e-type=\"widget\" data-widget_type=\"text-editor.default\">\n\t\t\t\t\t\t\t\t\t<p>Vielen Dank f\u00fcr Euer Interesse.<\/p>\n<p>Und nat\u00fcrlich besonderen Dank im Falle einer Spende!<\/p>\t\t\t\t\t\t\t\t<\/div>\n\t\t\t\t\t<\/div>\n\t\t\t\t<\/div>\n\t\t\t\t<\/div>\n\t\t","protected":false},"excerpt":{"rendered":"<p>Kontakt Wenn Ihr Fragen haben solltet meldet Euch einfach per E-Mail unter: CarlSteiner@gmx.at Alternativ k\u00f6nnt Ihr mir eine Nachricht bei [&hellip;]<\/p>\n","protected":false},"author":1,"featured_media":0,"parent":0,"menu_order":0,"comment_status":"closed","ping_status":"closed","template":"","meta":{"site-sidebar-layout":"no-sidebar","site-content-layout":"","ast-site-content-layout":"full-width-container","site-content-style":"default","site-sidebar-style":"default","ast-global-header-display":"","ast-banner-title-visibility":"","ast-main-header-display":"","ast-hfb-above-header-display":"","ast-hfb-below-header-display":"","ast-hfb-mobile-header-display":"","site-post-title":"disabled","ast-breadcrumbs-content":"","ast-featured-img":"disabled","footer-sml-layout":"","ast-disable-related-posts":"","theme-transparent-header-meta":"","adv-header-id-meta":"","stick-header-meta":"","header-above-stick-meta":"","header-main-stick-meta":"","header-below-stick-meta":"","astra-migrate-meta-layouts":"default","ast-page-background-enabled":"default","ast-page-background-meta":{"desktop":{"background-color":"var(--ast-global-color-5)","background-image":"","background-repeat":"repeat","background-position":"center center","background-size":"auto","background-attachment":"scroll","background-type":"","background-media":"","overlay-type":"","overlay-color":"","overlay-opacity":"","overlay-gradient":""},"tablet":{"background-color":"","background-image":"","background-repeat":"repeat","background-position":"center center","background-size":"auto","background-attachment":"scroll","background-type":"","background-media":"","overlay-type":"","overlay-color":"","overlay-opacity":"","overlay-gradient":""},"mobile":{"background-color":"","background-image":"","background-repeat":"repeat","background-position":"center center","background-size":"auto","background-attachment":"scroll","background-type":"","background-media":"","overlay-type":"","overlay-color":"","overlay-opacity":"","overlay-gradient":""}},"ast-content-background-meta":{"desktop":{"background-color":"var(--ast-global-color-4)","background-image":"","background-repeat":"repeat","background-position":"center center","background-size":"auto","background-attachment":"scroll","background-type":"","background-media":"","overlay-type":"","overlay-color":"","overlay-opacity":"","overlay-gradient":""},"tablet":{"background-color":"var(--ast-global-color-4)","background-image":"","background-repeat":"repeat","background-position":"center center","background-size":"auto","background-attachment":"scroll","background-type":"","background-media":"","overlay-type":"","overlay-color":"","overlay-opacity":"","overlay-gradient":""},"mobile":{"background-color":"var(--ast-global-color-4)","background-image":"","background-repeat":"repeat","background-position":"center center","background-size":"auto","background-attachment":"scroll","background-type":"","background-media":"","overlay-type":"","overlay-color":"","overlay-opacity":"","overlay-gradient":""}},"footnotes":""},"class_list":["post-14","page","type-page","status-publish","hentry"],"_links":{"self":[{"href":"https:\/\/carl.at\/wordpress\/wp-json\/wp\/v2\/pages\/14","targetHints":{"allow":["GET"]}}],"collection":[{"href":"https:\/\/carl.at\/wordpress\/wp-json\/wp\/v2\/pages"}],"about":[{"href":"https:\/\/carl.at\/wordpress\/wp-json\/wp\/v2\/types\/page"}],"author":[{"embeddable":true,"href":"https:\/\/carl.at\/wordpress\/wp-json\/wp\/v2\/users\/1"}],"replies":[{"embeddable":true,"href":"https:\/\/carl.at\/wordpress\/wp-json\/wp\/v2\/comments?post=14"}],"version-history":[{"count":35,"href":"https:\/\/carl.at\/wordpress\/wp-json\/wp\/v2\/pages\/14\/revisions"}],"predecessor-version":[{"id":1270,"href":"https:\/\/carl.at\/wordpress\/wp-json\/wp\/v2\/pages\/14\/revisions\/1270"}],"wp:attachment":[{"href":"https:\/\/carl.at\/wordpress\/wp-json\/wp\/v2\/media?parent=14"}],"curies":[{"name":"wp","href":"https:\/\/api.w.org\/{rel}","templated":true}]}}