{"id":18,"date":"2025-08-20T11:22:38","date_gmt":"2025-08-20T11:22:38","guid":{"rendered":"https:\/\/carl.at\/wordpress\/?page_id=18"},"modified":"2026-04-19T07:52:20","modified_gmt":"2026-04-19T07:52:20","slug":"ueber","status":"publish","type":"page","link":"https:\/\/carl.at\/wordpress\/ueber\/","title":{"rendered":"\u00dcber"},"content":{"rendered":"\t\t<div data-elementor-type=\"wp-page\" data-elementor-id=\"18\" class=\"elementor elementor-18\">\n\t\t\t\t<div class=\"elementor-element elementor-element-e8c24aa e-flex e-con-boxed e-con e-parent\" data-id=\"e8c24aa\" data-element_type=\"container\" data-e-type=\"container\" data-settings=\"{&quot;background_background&quot;:&quot;classic&quot;}\">\n\t\t\t\t\t<div class=\"e-con-inner\">\n\t\t\t\t<div class=\"elementor-element elementor-element-916d126 elementor-widget elementor-widget-heading\" data-id=\"916d126\" data-element_type=\"widget\" data-e-type=\"widget\" data-widget_type=\"heading.default\">\n\t\t\t\t\t<h1 class=\"elementor-heading-title elementor-size-default\"><br>Der freie Fels unter den Steinen!<\/h1>\t\t\t\t<\/div>\n\t\t\t\t\t<\/div>\n\t\t\t\t<\/div>\n\t\t<div class=\"elementor-element elementor-element-81c283f e-flex e-con-boxed e-con e-parent\" data-id=\"81c283f\" data-element_type=\"container\" data-e-type=\"container\">\n\t\t\t\t\t<div class=\"e-con-inner\">\n\t\t<div class=\"elementor-element elementor-element-890cd5b e-con-full e-flex e-con e-child\" data-id=\"890cd5b\" data-element_type=\"container\" data-e-type=\"container\">\n\t\t\t\t<div class=\"elementor-element elementor-element-663917a elementor-widget elementor-widget-heading\" data-id=\"663917a\" data-element_type=\"widget\" data-e-type=\"widget\" data-widget_type=\"heading.default\">\n\t\t\t\t\t<h2 class=\"elementor-heading-title elementor-size-default\">Der gewachsene Name:<\/h2>\t\t\t\t<\/div>\n\t\t<div class=\"elementor-element elementor-element-940d2b2 e-con-full e-flex e-con e-child\" data-id=\"940d2b2\" data-element_type=\"container\" data-e-type=\"container\">\n\t\t\t\t<div class=\"elementor-element elementor-element-4ef61b1 elementor-drop-cap-yes elementor-drop-cap-view-default elementor-widget elementor-widget-text-editor\" data-id=\"4ef61b1\" data-element_type=\"widget\" data-e-type=\"widget\" data-settings=\"{&quot;drop_cap&quot;:&quot;yes&quot;}\" data-widget_type=\"text-editor.default\">\n\t\t\t\t\t\t\t\t\t<p>Carl, mein Name hatte sich im laufe der Jahre mit den Reisen die ich unternommen habe ver\u00e4ndert. Als ich 2006 auf meine Reise mit dem Fahrrad nach Asien aufgebrochen bin habe ich den Vornamen von J\u00fcrgen auf Carl \u00e4ndern lassen. Die Namensbedeutung stammt urspr\u00fcnglich vom althochdeutschen Wort\u00a0<em data-processed=\"true\">karal<\/em>\u00a0bzw.\u00a0<em data-processed=\"true\">karlaz<\/em>\u00a0ab, was \u201eder Mann\u201c, \u201eEhemann\u201c oder \u201e<strong>freier Mann<\/strong>\u201c bedeutet. Fast ein kleiner Widerspruch &#8222;Ehemann&#8220; und &#8222;freier Mann&#8220;. \ud83d\ude00 Doch er hatte genau zu dem gepasst was ich so im Reisen genossen hatte das ultimative Freiheitsgef\u00fchl, wenngleich man nie ganz Frei sein wird in unserer Welt. Nun 2026, exakt 20 Jahre sp\u00e4ter steht eine neue Reise an, vieles ist seither geschehen und es ist ein kleines Wunder das ich noch lebe, so kam nun ein weiterer Vorname hinzu, Peter der sich\u00a0<span style=\"color: #001d35; font-family: 'Google Sans', Arial, sans-serif; font-size: 16px;\">vom griechischen Namen\u00a0<\/span><em style=\"color: #001d35; font-family: 'Google Sans', Arial, sans-serif; font-size: 16px;\" data-processed=\"true\">\u03a0\u03ad\u03c4\u03c1\u03bf\u03c2 (P\u00e9tros)<\/em><span style=\"color: #001d35; font-family: 'Google Sans', Arial, sans-serif; font-size: 16px;\">\u00a0ableitet, was \u00fcbersetzt\u00a0<\/span><span style=\"font-weight: bolder; color: #001d35; font-family: 'Google Sans', Arial, sans-serif; font-size: 16px;\" data-processed=\"true\">\u201eStein\u201c<\/span><span style=\"color: #001d35; font-family: 'Google Sans', Arial, sans-serif; font-size: 16px;\">\u00a0oder\u00a0<\/span><span style=\"font-weight: bolder; color: #001d35; font-family: 'Google Sans', Arial, sans-serif; font-size: 16px;\" data-processed=\"true\">\u201eFels\u201c<\/span><span style=\"color: #001d35; font-family: 'Google Sans', Arial, sans-serif; font-size: 16px;\">\u00a0bedeutet. So wurde ich zum &#8222;Freien Fels unter den Steinen!&#8220; unverr\u00fcckbar den tosenden Wellen des Lebens trotzend, Amen!<\/span><\/p>\t\t\t\t\t\t\t\t<\/div>\n\t\t\t\t<\/div>\n\t\t\t\t<\/div>\n\t\t<div class=\"elementor-element elementor-element-e9a4e0c e-con-full e-flex e-con e-child\" data-id=\"e9a4e0c\" data-element_type=\"container\" data-e-type=\"container\">\n\t\t\t\t<div class=\"elementor-element elementor-element-c632427 elementor-widget elementor-widget-heading\" data-id=\"c632427\" data-element_type=\"widget\" data-e-type=\"widget\" data-widget_type=\"heading.default\">\n\t\t\t\t\t<h2 class=\"elementor-heading-title elementor-size-default\">Der Werdegang:<\/h2>\t\t\t\t<\/div>\n\t\t<div class=\"elementor-element elementor-element-10fde31 e-con-full e-flex e-con e-child\" data-id=\"10fde31\" data-element_type=\"container\" data-e-type=\"container\">\n\t\t\t\t<div class=\"elementor-element elementor-element-df8d6fe elementor-drop-cap-yes elementor-drop-cap-view-default elementor-widget elementor-widget-text-editor\" data-id=\"df8d6fe\" data-element_type=\"widget\" data-e-type=\"widget\" data-settings=\"{&quot;drop_cap&quot;:&quot;yes&quot;}\" data-widget_type=\"text-editor.default\">\n\t\t\t\t\t\t\t\t\t<p>Am Anfang sag das Leben recht &#8222;regul\u00e4r&#8220; aus, nach dem Abschluss der HTL V\u00f6cklabruck im Jahr 2000, damals hie\u00df sie Sparte &#8222;Technische Geb\u00e4udeausr\u00fcstung und Energieplanung&#8220; ging es zum Bundesheer und dann erstmal direkt ins Berufsleben. Nachdem ich ein paar Jahre lang gearbeitet und etwas Geld angespart hatte ging es auf die erste gro\u00dfe Reise mit dem Fahrrad von zuause nach Bankok SO-Asien. Nach meiner R\u00fcckkehr ging es direkt wieder ins Berufsleben, musste mir aber etwas suchen das mir das Gef\u00fchl von Abendteuer auch weiterhin vermitteln konnte, das hatte ich zwar in gewisser Weise schon mit meinen geliebten Bergen, aber mir hatte das &#8222;<strong>P\u00fcnktchen auf dem i<\/strong>&#8220; gefehlt, daher hatte ich 2008 mit dem <strong>Paragleiten<\/strong> begonnen und entsprechend die Ausbildung hierf\u00fcr gemacht. Im Jahr 2012 sollte es erneut auf eine l\u00e4ngere Reise gehen, doch leider hatte das dann nicht so geklappt wie geplant, denn schon am 3-4 Tag als ich in Columbien gestartet bin wurde ich \u00fcberfallen und ich hatte die Reise abgebrochen, im Leben kommt es nun mal immer anders als man denkt, doch man wei\u00df nie wozu es gut war. Also erstmal wieder die Abendteuer zuhause verfolgt und dann unglaubliche 12 Jahre bei ein und der selben Firma gearbeitet, danke an &#8222;Ochsner W\u00e4rmepumpen&#8220; f\u00fcr den spannenden Arbeitsplatz der mir so viel gegeben hat. Nun ist es exakt\u00a0<strong>20 Jahre<\/strong> her seit meiner gegl\u00fcckten Reise nach SO-Asien, der perfekte Zeitpunkt um erneut eine Reise anzutreten, auf in Richtung Afrika, oder doch ein erneuter Versuch in S\u00fcdamerika?!<\/p>\t\t\t\t\t\t\t\t<\/div>\n\t\t\t\t<\/div>\n\t\t\t\t<\/div>\n\t\t<div class=\"elementor-element elementor-element-731c72f e-con-full e-flex e-con e-child\" data-id=\"731c72f\" data-element_type=\"container\" data-e-type=\"container\">\n\t\t\t\t<div class=\"elementor-element elementor-element-8aec225 elementor-widget elementor-widget-heading\" data-id=\"8aec225\" data-element_type=\"widget\" data-e-type=\"widget\" data-widget_type=\"heading.default\">\n\t\t\t\t\t<h2 class=\"elementor-heading-title elementor-size-default\">F\u00fcr wen ich das mache:<\/h2>\t\t\t\t<\/div>\n\t\t<div class=\"elementor-element elementor-element-54f8f57 e-con-full e-flex e-con e-child\" data-id=\"54f8f57\" data-element_type=\"container\" data-e-type=\"container\">\n\t\t\t\t<div class=\"elementor-element elementor-element-6e6a8f4 elementor-drop-cap-yes elementor-drop-cap-view-default elementor-widget elementor-widget-text-editor\" data-id=\"6e6a8f4\" data-element_type=\"widget\" data-e-type=\"widget\" data-settings=\"{&quot;drop_cap&quot;:&quot;yes&quot;}\" data-widget_type=\"text-editor.default\">\n\t\t\t\t\t\t\t\t\t<p>Richtig gut ist, das ich das unheimliche Gl\u00fcck habe solche Reisen selbst finanzieren zu k\u00f6nnen. Somit bin ich nicht auf die Medien wie YouTube, oder der Homepage hier, vom Verkauf irgendwelcher Produkte &amp; Co oder irgendwelcher Sponsoren abh\u00e4ngig, sondern mache das aus reinem <strong>Eigeninteresse und Neugier zum Leben<\/strong>. Diese Homepage und all die Videos die ich produziere sind daher f\u00fcr mich und all jene, die sich f\u00fcrs Reise und Bergsteigen interessieren. Zudem habe ich Freunde und Familie die gerne wissen wollen wo ich gerade unterwegs bin, wo die Reise hin geht und wie es mir dabei ergeht. Carpe Diem!<\/p>\t\t\t\t\t\t\t\t<\/div>\n\t\t\t\t<\/div>\n\t\t\t\t<\/div>\n\t\t<div class=\"elementor-element elementor-element-50fc331 e-con-full e-flex e-con e-child\" data-id=\"50fc331\" data-element_type=\"container\" data-e-type=\"container\">\n\t\t\t\t<div class=\"elementor-element elementor-element-c635801 elementor-widget elementor-widget-heading\" data-id=\"c635801\" data-element_type=\"widget\" data-e-type=\"widget\" data-widget_type=\"heading.default\">\n\t\t\t\t\t<h2 class=\"elementor-heading-title elementor-size-default\">Die Liebe zu den Bergen:<\/h2>\t\t\t\t<\/div>\n\t\t<div class=\"elementor-element elementor-element-227c44a e-con-full e-flex e-con e-child\" data-id=\"227c44a\" data-element_type=\"container\" data-e-type=\"container\">\n\t\t\t\t<div class=\"elementor-element elementor-element-d937fb0 elementor-drop-cap-yes elementor-drop-cap-view-default elementor-widget elementor-widget-text-editor\" data-id=\"d937fb0\" data-element_type=\"widget\" data-e-type=\"widget\" data-settings=\"{&quot;drop_cap&quot;:&quot;yes&quot;}\" data-widget_type=\"text-editor.default\">\n\t\t\t\t\t\t\t\t\t<p>Liebe ist mein steter Begleiter im Leben, doch eine sei hier besonders hervorzuheben. Seit meiner Kindheit bin ich auf den Bergen unterwegs, damals bin ich mit meinem Bruder Richard und meinen Eltern Leopoldine und Alois fast jedes Wochenende irgendwo auf den Bergen unterwegs gewesen. Das war die Zeit in der die <strong>Liebe zu den Bergen entstand<\/strong>, weshalb sich nun auch ein Teil meines Namens darauf bezieht, Peter, &#8222;<strong>der Fels<\/strong>&#8222;. Auf meiner Reise nach SO-Asien wollte ich eigentlich noch weiter Richtung S\u00fcden fahren, aber die Hitze und vor allem das Fehlen der Berge hatten damals meine Tour vorerst beendet. Die Liebe zu den Bergen ist das einzige im Leben das tats\u00e4chlich von Dauer sein kann, wenn man sich auf sie einl\u00e4sst.<\/p>\t\t\t\t\t\t\t\t<\/div>\n\t\t\t\t<\/div>\n\t\t\t\t<\/div>\n\t\t\t\t\t<\/div>\n\t\t\t\t<\/div>\n\t\t\t\t<\/div>\n\t\t","protected":false},"excerpt":{"rendered":"<p>Der freie Fels unter den Steinen! Der gewachsene Name: Carl, mein Name hatte sich im laufe der Jahre mit den [&hellip;]<\/p>\n","protected":false},"author":1,"featured_media":0,"parent":0,"menu_order":0,"comment_status":"closed","ping_status":"closed","template":"","meta":{"site-sidebar-layout":"no-sidebar","site-content-layout":"","ast-site-content-layout":"full-width-container","site-content-style":"default","site-sidebar-style":"default","ast-global-header-display":"","ast-banner-title-visibility":"","ast-main-header-display":"","ast-hfb-above-header-display":"","ast-hfb-below-header-display":"","ast-hfb-mobile-header-display":"","site-post-title":"disabled","ast-breadcrumbs-content":"","ast-featured-img":"disabled","footer-sml-layout":"","ast-disable-related-posts":"","theme-transparent-header-meta":"","adv-header-id-meta":"","stick-header-meta":"","header-above-stick-meta":"","header-main-stick-meta":"","header-below-stick-meta":"","astra-migrate-meta-layouts":"default","ast-page-background-enabled":"default","ast-page-background-meta":{"desktop":{"background-color":"var(--ast-global-color-5)","background-image":"","background-repeat":"repeat","background-position":"center center","background-size":"auto","background-attachment":"scroll","background-type":"","background-media":"","overlay-type":"","overlay-color":"","overlay-opacity":"","overlay-gradient":""},"tablet":{"background-color":"","background-image":"","background-repeat":"repeat","background-position":"center center","background-size":"auto","background-attachment":"scroll","background-type":"","background-media":"","overlay-type":"","overlay-color":"","overlay-opacity":"","overlay-gradient":""},"mobile":{"background-color":"","background-image":"","background-repeat":"repeat","background-position":"center center","background-size":"auto","background-attachment":"scroll","background-type":"","background-media":"","overlay-type":"","overlay-color":"","overlay-opacity":"","overlay-gradient":""}},"ast-content-background-meta":{"desktop":{"background-color":"var(--ast-global-color-4)","background-image":"","background-repeat":"repeat","background-position":"center center","background-size":"auto","background-attachment":"scroll","background-type":"","background-media":"","overlay-type":"","overlay-color":"","overlay-opacity":"","overlay-gradient":""},"tablet":{"background-color":"var(--ast-global-color-4)","background-image":"","background-repeat":"repeat","background-position":"center center","background-size":"auto","background-attachment":"scroll","background-type":"","background-media":"","overlay-type":"","overlay-color":"","overlay-opacity":"","overlay-gradient":""},"mobile":{"background-color":"var(--ast-global-color-4)","background-image":"","background-repeat":"repeat","background-position":"center center","background-size":"auto","background-attachment":"scroll","background-type":"","background-media":"","overlay-type":"","overlay-color":"","overlay-opacity":"","overlay-gradient":""}},"footnotes":""},"class_list":["post-18","page","type-page","status-publish","hentry"],"_links":{"self":[{"href":"https:\/\/carl.at\/wordpress\/wp-json\/wp\/v2\/pages\/18","targetHints":{"allow":["GET"]}}],"collection":[{"href":"https:\/\/carl.at\/wordpress\/wp-json\/wp\/v2\/pages"}],"about":[{"href":"https:\/\/carl.at\/wordpress\/wp-json\/wp\/v2\/types\/page"}],"author":[{"embeddable":true,"href":"https:\/\/carl.at\/wordpress\/wp-json\/wp\/v2\/users\/1"}],"replies":[{"embeddable":true,"href":"https:\/\/carl.at\/wordpress\/wp-json\/wp\/v2\/comments?post=18"}],"version-history":[{"count":43,"href":"https:\/\/carl.at\/wordpress\/wp-json\/wp\/v2\/pages\/18\/revisions"}],"predecessor-version":[{"id":1276,"href":"https:\/\/carl.at\/wordpress\/wp-json\/wp\/v2\/pages\/18\/revisions\/1276"}],"wp:attachment":[{"href":"https:\/\/carl.at\/wordpress\/wp-json\/wp\/v2\/media?parent=18"}],"curies":[{"name":"wp","href":"https:\/\/api.w.org\/{rel}","templated":true}]}}